{"id":197,"date":"2018-07-21T12:57:45","date_gmt":"2018-07-21T12:57:45","guid":{"rendered":"http:\/\/memoriactiva.info\/?page_id=197"},"modified":"2018-08-03T08:52:34","modified_gmt":"2018-08-03T08:52:34","slug":"veranstaltungen","status":"publish","type":"page","link":"https:\/\/memoriactiva.info\/es\/veranstaltungen\/","title":{"rendered":"Eventos"},"content":{"rendered":"<p><strong>01.10.2018<\/strong><br \/>\nDebate\u00a0 en el<a href=\"https:\/\/www.iai.spk-berlin.de\/startseite.html\" target=\"_blank\" rel=\"noopener\"><img loading=\"lazy\" decoding=\"async\" class=\"alignright wp-image-260 size-medium\" src=\"http:\/\/memoriactiva.info\/wp-content\/uploads\/2018\/08\/klein_IAI_Logo_150x47-300x95.jpg\" alt=\"\" width=\"300\" height=\"95\" srcset=\"https:\/\/memoriactiva.info\/wp-content\/uploads\/2018\/08\/klein_IAI_Logo_150x47-300x95.jpg 300w, https:\/\/memoriactiva.info\/wp-content\/uploads\/2018\/08\/klein_IAI_Logo_150x47.jpg 425w\" sizes=\"auto, (max-width: 300px) 100vw, 300px\" \/><\/a><br \/>\n\u00abIbero-Amerikanisches Institut Preu\u00dfischer Kulturbesitz\u00bb, a las 18:00 horas<br \/>\nPotsdamer Str. 37<br \/>\n10785 Berlin<\/p>\n<p>Participantes:<br \/>\nDr. Elke Gryglewski, Directora Adjunta, \u201cHaus der Wannseekonferenz\u201d (perspectiva pol\u00edtico-hist\u00f3rica)<br \/>\nEvelyn Hevia Jord\u00e1n, Psic\u00f3loga,\u00a0 (Lugares de Memoria)<br \/>\nSamuel Houston Dreckmann,\u00a0Sobreviviente<\/p>\n<p>Moderaci\u00f3n: Dr. Peter Birle (Wissenschaftlicher Direktor IAI)<\/p>\n","protected":false},"excerpt":{"rendered":"<p>01.10.2018 Debate\u00a0 en el \u00abIbero-Amerikanisches Institut Preu\u00dfischer Kulturbesitz\u00bb, a las 18:00 horas Potsdamer Str. 37 10785 Berlin Participantes: Dr. Elke Gryglewski, Directora Adjunta, \u201cHaus der Wannseekonferenz\u201d (perspectiva pol\u00edtico-hist\u00f3rica) Evelyn Hevia Jord\u00e1n, Psic\u00f3loga,\u00a0 (Lugares de Memoria) Samuel Houston Dreckmann,\u00a0Sobreviviente Moderaci\u00f3n: Dr. Peter Birle (Wissenschaftlicher Direktor IAI)<\/p>\n","protected":false},"author":1,"featured_media":0,"parent":0,"menu_order":0,"comment_status":"closed","ping_status":"closed","template":"","meta":{"footnotes":""},"class_list":["post-197","page","type-page","status-publish","hentry","no-post-thumbnail","post-grid-2-col","entry"],"translation":{"provider":"WPGlobus","version":"3.0.2","language":"es","enabled_languages":["de","es","en"],"languages":{"de":{"title":true,"content":true,"excerpt":false},"es":{"title":true,"content":true,"excerpt":false},"en":{"title":true,"content":true,"excerpt":false}}},"_links":{"self":[{"href":"https:\/\/memoriactiva.info\/es\/wp-json\/wp\/v2\/pages\/197","targetHints":{"allow":["GET"]}}],"collection":[{"href":"https:\/\/memoriactiva.info\/es\/wp-json\/wp\/v2\/pages"}],"about":[{"href":"https:\/\/memoriactiva.info\/es\/wp-json\/wp\/v2\/types\/page"}],"author":[{"embeddable":true,"href":"https:\/\/memoriactiva.info\/es\/wp-json\/wp\/v2\/users\/1"}],"replies":[{"embeddable":true,"href":"https:\/\/memoriactiva.info\/es\/wp-json\/wp\/v2\/comments?post=197"}],"version-history":[{"count":12,"href":"https:\/\/memoriactiva.info\/es\/wp-json\/wp\/v2\/pages\/197\/revisions"}],"predecessor-version":[{"id":275,"href":"https:\/\/memoriactiva.info\/es\/wp-json\/wp\/v2\/pages\/197\/revisions\/275"}],"wp:attachment":[{"href":"https:\/\/memoriactiva.info\/es\/wp-json\/wp\/v2\/media?parent=197"}],"curies":[{"name":"wp","href":"https:\/\/api.w.org\/{rel}","templated":true}]}}