{"id":120,"date":"2018-07-04T12:54:55","date_gmt":"2018-07-04T12:54:55","guid":{"rendered":"http:\/\/memoriactiva.info\/?page_id=120"},"modified":"2019-02-09T17:31:28","modified_gmt":"2019-02-09T17:31:28","slug":"ausstellungen","status":"publish","type":"page","link":"https:\/\/memoriactiva.info\/en\/ausstellungen\/","title":{"rendered":"Exhibitions"},"content":{"rendered":"<p><img loading=\"lazy\" decoding=\"async\" class=\"alignnone wp-image-125 size-full\" src=\"http:\/\/memoriactiva.info\/wp-content\/uploads\/2018\/07\/Screenshot-2018-07-04-12.06.40.png\" alt=\"\" width=\"741\" height=\"1044\" srcset=\"https:\/\/memoriactiva.info\/wp-content\/uploads\/2018\/07\/Screenshot-2018-07-04-12.06.40.png 741w, https:\/\/memoriactiva.info\/wp-content\/uploads\/2018\/07\/Screenshot-2018-07-04-12.06.40-213x300.png 213w, https:\/\/memoriactiva.info\/wp-content\/uploads\/2018\/07\/Screenshot-2018-07-04-12.06.40-727x1024.png 727w\" sizes=\"auto, (max-width: 741px) 100vw, 741px\" \/><br \/>\n<span style=\"font-size: 10pt;\"><span style=\"font-size: 12pt;\">Samuel Houston Dreckmann, in the former Santa Lucia Clinic on 10\/19\/2016 in Santiago.<\/span><br \/>\nPhoto: \u00a9 Jos\u00e9 Girib\u00e1s<br \/>\nPoster design:\u00a0\u00a9 Mehrdad Mobasseri<\/span><\/p>\n<hr \/>\n<p><a href=\"http:\/\/memoriactiva.info\/en\/lugares-orte-places-sobrevivientes-ueberlebende-survivors\/\">-><strong>Virtual exhibition<\/strong> (new)<\/a><\/p>\n<hr \/>\n<p><strong>09.09. &#8211; 21.10.2018<\/strong><\/p>\n<div>&#8220;Kunstr\u00e4ume der Michael Horbach Stiftung&#8221;<a href=\"https:\/\/www.photoszene.de\" target=\"_blank\" rel=\"noopener\"><img loading=\"lazy\" decoding=\"async\" class=\"alignright wp-image-337 size-thumbnail\" src=\"http:\/\/memoriactiva.info\/wp-content\/uploads\/2018\/08\/PS18_LOGO-150x150.jpg\" alt=\"\" width=\"150\" height=\"150\" srcset=\"https:\/\/memoriactiva.info\/wp-content\/uploads\/2018\/08\/PS18_LOGO-150x150.jpg 150w, https:\/\/memoriactiva.info\/wp-content\/uploads\/2018\/08\/PS18_LOGO-300x300.jpg 300w, https:\/\/memoriactiva.info\/wp-content\/uploads\/2018\/08\/PS18_LOGO-768x768.jpg 768w, https:\/\/memoriactiva.info\/wp-content\/uploads\/2018\/08\/PS18_LOGO-1024x1024.jpg 1024w, https:\/\/memoriactiva.info\/wp-content\/uploads\/2018\/08\/PS18_LOGO.jpg 1181w\" sizes=\"auto, (max-width: 150px) 100vw, 150px\" \/><\/a><a href=\"http:\/\/www.michael-horbach-stiftung.de\" target=\"_blank\" rel=\"noopener\"><img loading=\"lazy\" decoding=\"async\" class=\"alignright wp-image-173\" src=\"http:\/\/memoriactiva.info\/wp-content\/uploads\/2018\/07\/2015_LOGO_NEU-300x120.jpg\" alt=\"\" width=\"150\" height=\"60\" srcset=\"https:\/\/memoriactiva.info\/wp-content\/uploads\/2018\/07\/2015_LOGO_NEU-300x120.jpg 300w, https:\/\/memoriactiva.info\/wp-content\/uploads\/2018\/07\/2015_LOGO_NEU.jpg 472w\" sizes=\"auto, (max-width: 150px) 100vw, 150px\" \/><\/a><br \/>\nWormser Stra\u00dfe 23<br \/>\n50677 K\u00f6ln<\/div>\n<div><\/div>\n<div><span style=\"font-size: 12pt;\">Vernissage: 09.09.2018 from 11 am until 2 pm.<\/span><\/div>\n<hr \/>\n<p><strong>11.09. &#8211; 25.09.2018<\/strong><\/p>\n<div>&#8220;Haus der Bundespressekonferenz&#8221;<img loading=\"lazy\" decoding=\"async\" class=\"alignright wp-image-336\" src=\"http:\/\/memoriactiva.info\/wp-content\/uploads\/2018\/08\/Marke_1703.jpg\" alt=\"\" width=\"213\" height=\"38\" srcset=\"https:\/\/memoriactiva.info\/wp-content\/uploads\/2018\/08\/Marke_1703.jpg 827w, https:\/\/memoriactiva.info\/wp-content\/uploads\/2018\/08\/Marke_1703-300x54.jpg 300w, https:\/\/memoriactiva.info\/wp-content\/uploads\/2018\/08\/Marke_1703-768x137.jpg 768w\" sizes=\"auto, (max-width: 213px) 100vw, 213px\" \/><br \/>\nSchiffbauerdamm 40<br \/>\n10117 Berlin<\/div>\n<div><\/div>\n<p><span style=\"font-size: 12pt;\">Vernissage: 11.09.2018, 5 pm<\/span><\/p>\n<hr \/>\n<p><strong>30.09. &#8211; 21.10.2018<\/strong><\/p>\n<div>As part of the EMOP Berlin<br \/>\n<a href=\"https:\/\/www.emop-berlin.eu\/en\/\" target=\"_blank\" rel=\"noopener\"><img loading=\"lazy\" decoding=\"async\" class=\"alignright wp-image-256 size-thumbnail\" src=\"http:\/\/memoriactiva.info\/wp-content\/uploads\/2018\/08\/EMOP18_Logo_quadrat_RGB_final_black-150x150.png\" alt=\"\" width=\"150\" height=\"150\" \/><\/a><a href=\"http:\/\/www.tapir-berlin.de\" target=\"_blank\" rel=\"noopener\"><img loading=\"lazy\" decoding=\"async\" class=\"alignright wp-image-249 size-medium\" src=\"http:\/\/memoriactiva.info\/wp-content\/uploads\/2018\/08\/tapir-logo-neu-205x300.jpg\" alt=\"\" width=\"110\" height=\"150\" \/><\/a>at the Galerie Tapir<br \/>\nNeue Hochstra\u00dfe 8<br \/>\n13347 Berlin<\/div>\n<div><\/div>\n<p><span style=\"font-size: 12pt;\">Vernissage: 30.09.2018, 5 pm<\/span><br \/>\n<span style=\"font-size: 12pt;\">Guided tour by the author (German): 12.10.2018, 7 pm<\/span><br \/>\n<span style=\"font-size: 12pt;\">Guided tour by the author (Spanish): 17.10.2018, 7 pm\u00a0<\/span><br \/>\n<span style=\"font-size: 12pt;\">Finissage: 21.10.2018, 5 pm<br \/>\n<\/span><\/p>\n<hr \/>\n","protected":false},"excerpt":{"rendered":"<p>Samuel Houston Dreckmann, in the former Santa Lucia Clinic on 10\/19\/2016 in Santiago. Photo: \u00a9 Jos\u00e9 Girib\u00e1s Poster design:\u00a0\u00a9 Mehrdad Mobasseri ->Virtual exhibition (new) 09.09. &#8211; 21.10.2018 &#8220;Kunstr\u00e4ume der Michael Horbach Stiftung&#8221; Wormser Stra\u00dfe 23 50677 K\u00f6ln Vernissage: 09.09.2018 from 11 am until 2 pm. 11.09. &#8211; 25.09.2018 &#8220;Haus der Bundespressekonferenz&#8221; Schiffbauerdamm 40 10117 Berlin&hellip;<\/p>\n","protected":false},"author":1,"featured_media":0,"parent":0,"menu_order":0,"comment_status":"closed","ping_status":"closed","template":"","meta":{"footnotes":""},"class_list":["post-120","page","type-page","status-publish","hentry","no-post-thumbnail","post-grid-2-col","entry"],"translation":{"provider":"WPGlobus","version":"3.0.2","language":"en","enabled_languages":["de","es","en"],"languages":{"de":{"title":true,"content":true,"excerpt":false},"es":{"title":true,"content":true,"excerpt":false},"en":{"title":true,"content":true,"excerpt":false}}},"_links":{"self":[{"href":"https:\/\/memoriactiva.info\/en\/wp-json\/wp\/v2\/pages\/120","targetHints":{"allow":["GET"]}}],"collection":[{"href":"https:\/\/memoriactiva.info\/en\/wp-json\/wp\/v2\/pages"}],"about":[{"href":"https:\/\/memoriactiva.info\/en\/wp-json\/wp\/v2\/types\/page"}],"author":[{"embeddable":true,"href":"https:\/\/memoriactiva.info\/en\/wp-json\/wp\/v2\/users\/1"}],"replies":[{"embeddable":true,"href":"https:\/\/memoriactiva.info\/en\/wp-json\/wp\/v2\/comments?post=120"}],"version-history":[{"count":63,"href":"https:\/\/memoriactiva.info\/en\/wp-json\/wp\/v2\/pages\/120\/revisions"}],"predecessor-version":[{"id":618,"href":"https:\/\/memoriactiva.info\/en\/wp-json\/wp\/v2\/pages\/120\/revisions\/618"}],"wp:attachment":[{"href":"https:\/\/memoriactiva.info\/en\/wp-json\/wp\/v2\/media?parent=120"}],"curies":[{"name":"wp","href":"https:\/\/api.w.org\/{rel}","templated":true}]}}