{"id":45,"date":"2018-06-21T18:50:11","date_gmt":"2018-06-21T18:50:11","guid":{"rendered":"http:\/\/memoriactiva.info\/?page_id=45"},"modified":"2018-06-21T18:50:11","modified_gmt":"2018-06-21T18:50:11","slug":"impressum","status":"publish","type":"page","link":"http:\/\/memoriactiva.info\/es\/impressum\/","title":{"rendered":"Aviso Legal"},"content":{"rendered":"<p>Jos\u00e9 Girib\u00e1s Marambio<\/p>\n<p>Perleberger Stra\u00dfe 27<br \/>\n10559 Berlin<\/p>\n<p>Tel +49 (0)30 3964190<br \/>\nMobil +49 (0)171 8376123<\/p>\n<p><a href=\"mailto:jgiribas@gmail.com\">jgiribas@gmail.com<\/a><\/p>\n<p>USt.-ID: DE225985457<\/p>\n<p>Alle auf dieser Internetseite verwendeten Fotos sind urheberrechtlich gesch\u00fctzt und unterliegen dem deutschen Urheberrecht. Die Vervielf\u00e4ltigung, Verbreitung und jede Art der Verwertung bed\u00fcrfen der schriftlichen Zustimmung von Jos\u00e9 Girib\u00e1s M.<\/p>\n<p>All images and original texts copyright \u00a9 Jos\u00e9 Girib\u00e1s M.<br \/>\nCopyright \u00a9 Jos\u00e9 Girib\u00e1s M<\/p>\n<div>Haftungshinweis:<\/div>\n<div>Wir \u00fcbernehmen keine Haftung f\u00fcr den Inhalt externer Links.<\/div>\n<div>F\u00fcr den Inhalt verlinkter Seiten sind ausschlie\u00dflich deren Betreiber verantwortlich.<\/div>\n<div><\/div>\n<p>Umsetzung: <a href=\"http:\/\/www.cordmueller.de\" target=\"_blank\" rel=\"noopener\">Cord M\u00fcller<\/a><\/p>\n","protected":false},"excerpt":{"rendered":"<p>Jos\u00e9 Girib\u00e1s Marambio Perleberger Stra\u00dfe 27 10559 Berlin Tel +49 (0)30 3964190 Mobil +49 (0)171 8376123 jgiribas@gmail.com USt.-ID: DE225985457 Alle auf dieser Internetseite verwendeten Fotos sind urheberrechtlich gesch\u00fctzt und unterliegen dem deutschen Urheberrecht. Die Vervielf\u00e4ltigung, Verbreitung und jede Art der Verwertung bed\u00fcrfen der schriftlichen Zustimmung von Jos\u00e9 Girib\u00e1s M. All images and original texts copyright&hellip;<\/p>\n","protected":false},"author":1,"featured_media":0,"parent":0,"menu_order":0,"comment_status":"closed","ping_status":"closed","template":"","meta":{"footnotes":""},"class_list":["post-45","page","type-page","status-publish","hentry","no-post-thumbnail","post-grid-2-col","entry"],"translation":{"provider":"WPGlobus","version":"3.0.2","language":"es","enabled_languages":["de","es","en"],"languages":{"de":{"title":true,"content":true,"excerpt":false},"es":{"title":true,"content":false,"excerpt":false},"en":{"title":true,"content":false,"excerpt":false}}},"_links":{"self":[{"href":"http:\/\/memoriactiva.info\/es\/wp-json\/wp\/v2\/pages\/45","targetHints":{"allow":["GET"]}}],"collection":[{"href":"http:\/\/memoriactiva.info\/es\/wp-json\/wp\/v2\/pages"}],"about":[{"href":"http:\/\/memoriactiva.info\/es\/wp-json\/wp\/v2\/types\/page"}],"author":[{"embeddable":true,"href":"http:\/\/memoriactiva.info\/es\/wp-json\/wp\/v2\/users\/1"}],"replies":[{"embeddable":true,"href":"http:\/\/memoriactiva.info\/es\/wp-json\/wp\/v2\/comments?post=45"}],"version-history":[{"count":3,"href":"http:\/\/memoriactiva.info\/es\/wp-json\/wp\/v2\/pages\/45\/revisions"}],"predecessor-version":[{"id":91,"href":"http:\/\/memoriactiva.info\/es\/wp-json\/wp\/v2\/pages\/45\/revisions\/91"}],"wp:attachment":[{"href":"http:\/\/memoriactiva.info\/es\/wp-json\/wp\/v2\/media?parent=45"}],"curies":[{"name":"wp","href":"https:\/\/api.w.org\/{rel}","templated":true}]}}