{"id":362,"date":"2018-09-01T08:45:45","date_gmt":"2018-09-01T08:45:45","guid":{"rendered":"http:\/\/memoriactiva.info\/?page_id=362"},"modified":"2018-09-01T08:47:51","modified_gmt":"2018-09-01T08:47:51","slug":"presseinfo","status":"publish","type":"page","link":"http:\/\/memoriactiva.info\/es\/presseinfo\/","title":{"rendered":"Informaci\u00f3n de prensa"},"content":{"rendered":"<div class=\"page\" title=\"Page 1\">\n<div class=\"layoutArea\">\n<div class=\"column\">\n<p>Las fotograf\u00edas proporcionadas, as\u00ed como la informaci\u00f3n asociada, pueden usarse gratuitamente dentro del \u00e1mbito de la informaci\u00f3n, indicando los derechos de autor del fot\u00f3grafo. Usted encuentra el material con esta Link:<\/p>\n<\/div>\n<\/div>\n<\/div>\n<p><a href=\"https:\/\/www.dropbox.com\/sh\/snvm06il0wqgjj1\/AACPgw7w51LwULJx4_V8_y4ia?dl=0\" target=\"_blank\" rel=\"noopener\">https:\/\/www.dropbox.com\/sh\/snvm06il0wqgjj1\/AACPgw7w51LwULJx4_V8_y4ia?dl=0<\/a><\/p>\n<p>S\u00ed necesita material de alta resoluci\u00f3n, por favor contactenos.<\/p>\n","protected":false},"excerpt":{"rendered":"<p>Las fotograf\u00edas proporcionadas, as\u00ed como la informaci\u00f3n asociada, pueden usarse gratuitamente dentro del \u00e1mbito de la informaci\u00f3n, indicando los derechos de autor del fot\u00f3grafo. Usted encuentra el material con esta Link: https:\/\/www.dropbox.com\/sh\/snvm06il0wqgjj1\/AACPgw7w51LwULJx4_V8_y4ia?dl=0 S\u00ed necesita material de alta resoluci\u00f3n, por favor contactenos.<\/p>\n","protected":false},"author":1,"featured_media":0,"parent":0,"menu_order":0,"comment_status":"closed","ping_status":"closed","template":"","meta":{"footnotes":""},"class_list":["post-362","page","type-page","status-publish","hentry","no-post-thumbnail","post-grid-2-col","entry"],"translation":{"provider":"WPGlobus","version":"3.0.2","language":"es","enabled_languages":["de","es","en"],"languages":{"de":{"title":true,"content":true,"excerpt":false},"es":{"title":true,"content":true,"excerpt":false},"en":{"title":true,"content":true,"excerpt":false}}},"_links":{"self":[{"href":"http:\/\/memoriactiva.info\/es\/wp-json\/wp\/v2\/pages\/362","targetHints":{"allow":["GET"]}}],"collection":[{"href":"http:\/\/memoriactiva.info\/es\/wp-json\/wp\/v2\/pages"}],"about":[{"href":"http:\/\/memoriactiva.info\/es\/wp-json\/wp\/v2\/types\/page"}],"author":[{"embeddable":true,"href":"http:\/\/memoriactiva.info\/es\/wp-json\/wp\/v2\/users\/1"}],"replies":[{"embeddable":true,"href":"http:\/\/memoriactiva.info\/es\/wp-json\/wp\/v2\/comments?post=362"}],"version-history":[{"count":5,"href":"http:\/\/memoriactiva.info\/es\/wp-json\/wp\/v2\/pages\/362\/revisions"}],"predecessor-version":[{"id":480,"href":"http:\/\/memoriactiva.info\/es\/wp-json\/wp\/v2\/pages\/362\/revisions\/480"}],"wp:attachment":[{"href":"http:\/\/memoriactiva.info\/es\/wp-json\/wp\/v2\/media?parent=362"}],"curies":[{"name":"wp","href":"https:\/\/api.w.org\/{rel}","templated":true}]}}