{"id":164,"date":"2018-07-21T11:39:34","date_gmt":"2018-07-21T11:39:34","guid":{"rendered":"http:\/\/memoriactiva.info\/?page_id=164"},"modified":"2019-02-09T18:39:54","modified_gmt":"2019-02-09T18:39:54","slug":"sponsoren","status":"publish","type":"page","link":"http:\/\/memoriactiva.info\/es\/sponsoren\/","title":{"rendered":""},"content":{"rendered":"<div>\n<h3>Sponsors:<\/h3>\n<\/div>\n<div>\n<div>\n<div>\n<table style=\"height: 144px; width: 100%; border-collapse: collapse;\">\n<tbody>\n<tr style=\"height: 48px;\">\n<td style=\"width: 14.3631%; height: 48px;\"><a href=\"https:\/\/kocarek-gmbh.com\" target=\"_blank\" rel=\"noopener\"><img loading=\"lazy\" decoding=\"async\" class=\"aligncenter wp-image-172\" src=\"http:\/\/memoriactiva.info\/wp-content\/uploads\/2018\/07\/Kocarek-neues-Logo_final_HKS.png\" alt=\"\" width=\"150\" height=\"60\" \/><\/a><\/td>\n<td style=\"width: 3.4327%; height: 48px;\"><\/td>\n<td style=\"width: 82.2042%; height: 48px;\"><a href=\"https:\/\/kocarek-gmbh.com\" target=\"_blank\" rel=\"noopener\">Kocarek GmbH<\/a><\/td>\n<\/tr>\n<tr style=\"height: 48px;\">\n<td style=\"width: 14.3631%; height: 48px;\"><a href=\"http:\/\/www.michael-horbach-stiftung.de\" target=\"_blank\" rel=\"noopener\"><img loading=\"lazy\" decoding=\"async\" class=\"alignnone wp-image-173\" src=\"http:\/\/memoriactiva.info\/wp-content\/uploads\/2018\/07\/2015_LOGO_NEU.jpg\" alt=\"\" width=\"150\" height=\"60\" srcset=\"http:\/\/memoriactiva.info\/wp-content\/uploads\/2018\/07\/2015_LOGO_NEU.jpg 472w, http:\/\/memoriactiva.info\/wp-content\/uploads\/2018\/07\/2015_LOGO_NEU-300x120.jpg 300w\" sizes=\"auto, (max-width: 150px) 100vw, 150px\" \/><\/a><\/td>\n<td style=\"width: 3.4327%; height: 48px;\"><\/td>\n<td style=\"width: 82.2042%; height: 48px;\"><a href=\"http:\/\/www.michael-horbach-stiftung.de\" target=\"_blank\" rel=\"noopener\">Michael-Horbach-Stiftung<\/a><\/td>\n<\/tr>\n<tr style=\"height: 48px;\">\n<td style=\"width: 14.3631%; height: 48px;\"><img loading=\"lazy\" decoding=\"async\" class=\"alignnone wp-image-181\" src=\"http:\/\/memoriactiva.info\/wp-content\/uploads\/2018\/07\/Logo-PFG-ok.jpg\" alt=\"\" width=\"150\" height=\"60\" \/><\/td>\n<td style=\"width: 3.4327%; height: 48px;\"><\/td>\n<td style=\"width: 82.2042%; height: 48px;\"><a href=\"http:\/\/www.paulofreireberlin.org\/\" target=\"_blank\" rel=\"noopener\">Paulo Freire Gesellschaft e.V.<\/a><br \/>\nInternationale Treffpunkt Berlin e.V. (ITB) y Netzwerk Selbsthilfe e. V.<\/td>\n<\/tr>\n<tr>\n<td style=\"width: 14.3631%;\"><a href=\"http:\/\/www.pixelgrain.com\" target=\"_blank\" rel=\"noopener\"><img loading=\"lazy\" decoding=\"async\" class=\"alignright wp-image-336 size-full\" src=\"http:\/\/memoriactiva.info\/wp-content\/uploads\/2018\/08\/Marke_1703.jpg\" alt=\"\" width=\"827\" height=\"148\" srcset=\"http:\/\/memoriactiva.info\/wp-content\/uploads\/2018\/08\/Marke_1703.jpg 827w, http:\/\/memoriactiva.info\/wp-content\/uploads\/2018\/08\/Marke_1703-300x54.jpg 300w, http:\/\/memoriactiva.info\/wp-content\/uploads\/2018\/08\/Marke_1703-768x137.jpg 768w\" sizes=\"auto, (max-width: 827px) 100vw, 827px\" \/><\/a><\/td>\n<td style=\"width: 3.4327%;\"><\/td>\n<td style=\"width: 82.2042%;\"><a href=\"http:\/\/www.pixelgrain.com\" target=\"_blank\" rel=\"noopener\">Labor Pixel Grain GmbH<\/a><\/td>\n<\/tr>\n<tr>\n<td style=\"width: 14.3631%;\"><\/td>\n<td style=\"width: 3.4327%;\"><\/td>\n<td style=\"width: 82.2042%;\">Consulta Dermatol\u00f3gica Dr. med. Amira Makki\u00a0 \/ Berlin<\/td>\n<\/tr>\n<\/tbody>\n<\/table>\n<div>\n<h3>Colaboradores:<\/h3>\n<\/div>\n<div>\n<table style=\"height: 335px; width: 100%; border-collapse: collapse;\" border=\"0\">\n<tbody>\n<tr style=\"height: 48px;\">\n<td style=\"width: 14.4535%; height: 48px;\"><\/td>\n<td style=\"width: 3.4327%; height: 48px;\"><\/td>\n<td style=\"width: 82.1138%; height: 48px;\">\n<div dir=\"auto\">Katharina von Aretin, contactos sociales<\/div>\n<\/td>\n<\/tr>\n<tr style=\"height: 48px;\">\n<td style=\"width: 14.453477868112017%; height: 48px;\"><\/td>\n<td style=\"width: 3.4327009936766073%; height: 48px;\"><\/td>\n<td style=\"width: 82.11382113821139%; height: 48px;\">\n<div dir=\"auto\">Wolfgang Arns, traducciones<\/div>\n<\/td>\n<\/tr>\n<tr style=\"height: 48px;\">\n<td style=\"width: 14.453477868112017%; height: 48px;\"><\/td>\n<td style=\"width: 3.4327009936766073%; height: 48px;\"><\/td>\n<td style=\"width: 82.11382113821139%; height: 48px;\">\n<div dir=\"auto\">Ginga Eichler, contactos sociales<\/div>\n<\/td>\n<\/tr>\n<tr style=\"height: 48px;\">\n<td style=\"width: 14.453477868112017%; height: 48px;\"><\/td>\n<td style=\"width: 3.4327009936766073%; height: 48px;\"><\/td>\n<td style=\"width: 82.11382113821139%; height: 48px;\">\n<div dir=\"auto\">Thomas Grabka, producci\u00f3n de v\u00eddeo<\/div>\n<\/td>\n<\/tr>\n<tr style=\"height: 48px;\">\n<td style=\"width: 14.453477868112017%; height: 48px;\"><\/td>\n<td style=\"width: 3.4327009936766073%; height: 48px;\"><\/td>\n<td style=\"width: 82.11382113821139%; height: 48px;\">\n<div dir=\"auto\">Evelyn Hevia Jord\u00e1n, asesoramiento especializado<\/div>\n<\/td>\n<\/tr>\n<tr style=\"height: 48px;\">\n<td style=\"width: 14.453477868112017%; height: 48px;\"><\/td>\n<td style=\"width: 3.4327009936766073%; height: 48px;\"><\/td>\n<td style=\"width: 82.11382113821139%; height: 48px;\">\n<div dir=\"auto\">Luis Jeldres, Paolo Freire Institut Berlin<\/div>\n<\/td>\n<\/tr>\n<tr>\n<td style=\"width: 14.4535%;\"><\/td>\n<td style=\"width: 3.4327%;\"><\/td>\n<td style=\"width: 82.1138%;\">Katharina Kurras, traducciones<\/td>\n<\/tr>\n<tr style=\"height: 47px;\">\n<td style=\"width: 14.453477868112017%; height: 47px;\"><\/td>\n<td style=\"width: 3.4327009936766073%; height: 47px;\"><\/td>\n<td style=\"width: 82.11382113821139%; height: 47px;\">\n<div dir=\"auto\">Werner Kittel, traducciones<\/div>\n<\/td>\n<\/tr>\n<tr style=\"height: 48px;\">\n<td style=\"width: 14.453477868112017%; height: 48px;\"><\/td>\n<td style=\"width: 3.4327009936766073%; height: 48px;\"><\/td>\n<td style=\"width: 82.11382113821139%; height: 48px;\">Alejandro Girib\u00e1s Makki, correcci\u00f3n<\/td>\n<\/tr>\n<tr style=\"height: 48px;\">\n<td style=\"width: 14.4535%; height: 48px;\"><\/td>\n<td style=\"width: 3.4327%; height: 48px;\"><\/td>\n<td style=\"width: 82.1138%; height: 48px;\">\n<div dir=\"auto\">Pablo Jeldres Marquez, contactos sociales<\/div>\n<\/td>\n<\/tr>\n<tr style=\"height: 48px;\">\n<td style=\"width: 14.453477868112017%; height: 48px;\"><\/td>\n<td style=\"width: 3.4327009936766073%; height: 48px;\"><\/td>\n<td style=\"width: 82.11382113821139%; height: 48px;\">\n<div dir=\"auto\">Maria Jos\u00e9 de la Maza, traducciones<\/div>\n<\/td>\n<\/tr>\n<tr style=\"height: 48px;\">\n<td style=\"width: 14.4535%; height: 48px;\"><\/td>\n<td style=\"width: 3.4327%; height: 48px;\"><\/td>\n<td style=\"width: 82.1138%; height: 48px;\">\n<div dir=\"auto\"><a href=\"http:\/\/www.atelier-mobasseri.com\" target=\"_blank\" rel=\"noopener\">Mehrdad Mobasseri<\/a>, dise\u00f1o gr\u00e1fico<\/div>\n<\/td>\n<\/tr>\n<tr style=\"height: 48px;\">\n<td style=\"width: 14.4535%; height: 48px;\"><\/td>\n<td style=\"width: 3.4327%; height: 48px;\"><\/td>\n<td style=\"width: 82.1138%; height: 48px;\">\n<div dir=\"auto\"><a href=\"http:\/\/www.cordmueller.de\" target=\"_blank\" rel=\"noopener\">Cord M\u00fcller<\/a>, dise\u00f1o web<\/div>\n<\/td>\n<\/tr>\n<tr style=\"height: 48px;\">\n<td style=\"width: 14.4535%; height: 48px;\"><\/td>\n<td style=\"width: 3.4327%; height: 48px;\"><\/td>\n<td style=\"width: 82.1138%; height: 48px;\">\n<div dir=\"auto\">Patricio Pe\u00f1a Molina, video Chile<\/div>\n<\/td>\n<\/tr>\n<tr style=\"height: 48px;\">\n<td style=\"width: 14.4535%; height: 48px;\"><\/td>\n<td style=\"width: 3.4327%; height: 48px;\"><\/td>\n<td style=\"width: 82.1138%; height: 48px;\">\n<div dir=\"auto\">Angelika B. Rupprecht, asesor\u00eda de exposici\u00f3n<\/div>\n<\/td>\n<\/tr>\n<tr style=\"height: 48px;\">\n<td style=\"width: 14.4535%; height: 48px;\"><\/td>\n<td style=\"width: 3.4327%; height: 48px;\"><\/td>\n<td style=\"width: 82.1138%; height: 48px;\">\n<div dir=\"auto\">Jos\u00e9 Miguel Segura Bustamante,\u00a0 contactos sociales con testigos de la \u00e9poca<\/div>\n<\/td>\n<\/tr>\n<tr style=\"height: 48px;\">\n<td style=\"width: 14.4535%; height: 48px;\"><\/td>\n<td style=\"width: 3.4327%; height: 48px;\"><\/td>\n<td style=\"width: 82.1138%; height: 48px;\">\n<div dir=\"auto\">Axel Sommer, curador y dise\u00f1o de exposici\u00f3n<\/div>\n<\/td>\n<\/tr>\n<\/tbody>\n<\/table>\n<\/div>\n<\/div>\n<\/div>\n<\/div>\n","protected":false},"excerpt":{"rendered":"<p>Sponsors: Kocarek GmbH Michael-Horbach-Stiftung Paulo Freire Gesellschaft e.V. Internationale Treffpunkt Berlin e.V. (ITB) y Netzwerk Selbsthilfe e. V. Labor Pixel Grain GmbH Consulta Dermatol\u00f3gica Dr. med. Amira Makki\u00a0 \/ Berlin Colaboradores: Katharina von Aretin, contactos sociales Wolfgang Arns, traducciones Ginga Eichler, contactos sociales Thomas Grabka, producci\u00f3n de v\u00eddeo Evelyn Hevia Jord\u00e1n, asesoramiento especializado Luis Jeldres,&hellip;<\/p>\n","protected":false},"author":2,"featured_media":0,"parent":0,"menu_order":0,"comment_status":"closed","ping_status":"closed","template":"","meta":{"footnotes":""},"class_list":["post-164","page","type-page","status-publish","hentry","no-post-thumbnail","post-grid-2-col","entry"],"translation":{"provider":"WPGlobus","version":"3.0.2","language":"es","enabled_languages":["de","es","en"],"languages":{"de":{"title":false,"content":true,"excerpt":false},"es":{"title":false,"content":true,"excerpt":false},"en":{"title":false,"content":true,"excerpt":false}}},"_links":{"self":[{"href":"http:\/\/memoriactiva.info\/es\/wp-json\/wp\/v2\/pages\/164","targetHints":{"allow":["GET"]}}],"collection":[{"href":"http:\/\/memoriactiva.info\/es\/wp-json\/wp\/v2\/pages"}],"about":[{"href":"http:\/\/memoriactiva.info\/es\/wp-json\/wp\/v2\/types\/page"}],"author":[{"embeddable":true,"href":"http:\/\/memoriactiva.info\/es\/wp-json\/wp\/v2\/users\/2"}],"replies":[{"embeddable":true,"href":"http:\/\/memoriactiva.info\/es\/wp-json\/wp\/v2\/comments?post=164"}],"version-history":[{"count":36,"href":"http:\/\/memoriactiva.info\/es\/wp-json\/wp\/v2\/pages\/164\/revisions"}],"predecessor-version":[{"id":619,"href":"http:\/\/memoriactiva.info\/es\/wp-json\/wp\/v2\/pages\/164\/revisions\/619"}],"wp:attachment":[{"href":"http:\/\/memoriactiva.info\/es\/wp-json\/wp\/v2\/media?parent=164"}],"curies":[{"name":"wp","href":"https:\/\/api.w.org\/{rel}","templated":true}]}}