{"id":16,"date":"2018-06-07T19:20:56","date_gmt":"2018-06-07T19:20:56","guid":{"rendered":"http:\/\/memoriactiva.info\/?page_id=16"},"modified":"2018-08-08T07:25:15","modified_gmt":"2018-08-08T07:25:15","slug":"zur-geschichte-des-projektes","status":"publish","type":"page","link":"http:\/\/memoriactiva.info\/es\/zur-geschichte-des-projektes\/","title":{"rendered":"C\u00f3mo naci\u00f3 este proyecto"},"content":{"rendered":"<h3>\u201eDe la tortura no se habla\u201c<\/h3>\n<p>&nbsp;<\/p>\n<p>Los hechos<\/p>\n<p>Durante la dictadura de Pinochet, seg\u00fan informes oficiales, unos 3.200 chilenos murieron a manos de agentes del Estado, de los que 1.192 figuran a\u00fan como detenidos desaparecidos, y unos 40.000 fueron torturados y encarcelados por causas pol\u00edticas. En Chile hubieron cerca de 1200 centros de arresto clandestino y tortura, en Santiago hab\u00edan cerca de 300.<\/p>\n<p>Existe mucho inter\u00e9s de parte de los sobrevivientes y los familiares de las victimas de recuperar esos lugares y transformarlos en memoriales.<br \/>\nActualmente en Santiago se han recuperado algunos, los mas emblem\u00e1ticos son Villa Grimaldi y Londres 38, y estos tambi\u00e9n son los \u00fanicos que reciben un financiamiento gubernamental. Otros se mantienen gracias al trabajo de distintos grupos de sobrevivientes o familiares adem\u00e1s de diversos grupos de derechos humanos.<br \/>\nHay algunos que siguen en mano militar o de la polic\u00eda como es el caso de Borgo\u00f1o 1470 e incluso hay uno que sigue siendo c\u00e1rcel, 3 y 4 \u00c1lamos es hoy una c\u00e1rcel de menores. Otros est\u00e1n en mano privada, como es el caso de la Venda Sexy, un caso especial es Colonia Dignidad, donde tanto el gobierno chileno c\u00f3mo el alem\u00e1n reci\u00e9n est\u00e1n asumiendo la responsabilidad y comienzan a tomar medidas para elaborar una pol\u00edtica de reparaciones hacia las victimas alemanas y chilenas.<\/p>\n<p>La gran mayor\u00eda de estos lugares ya no existen ya que la dictadura no quer\u00eda dejar huellas. Lo poco que queda a\u00fan debe ser rescatado y salvado de la destrucci\u00f3n, para eso se necesita un cambio de las prioridades de los gobiernos en cuanto a la memoria hist\u00f3rica.<br \/>\nMi proyecto es una documentaci\u00f3n de 10 lugares en Santiago, uno en Parral (Colonia Dignidad), otro en Valpara\u00edso (Cuartel Silva Palma) y uno en Punta Arenas (Palacio de la Risa) adem\u00e1s participan m\u00e1s de 20 sobrevivientes de aquellos lugares, quienes permitieron retratarse y algunos dieron sus testimonios.<\/p>\n<p>Dedico este proyecto a los asesinados y sobrevivientes de la dictadura de Pinochet. Agradezco a las muchas valientes mujeres y hombres que durante ya \u201acasi 45 a\u00f1os luchan por la justicia y el reconocimiento, tambi\u00e9n a trav\u00e9s de la sociedad chilena.<br \/>\n\u00a1Su situaci\u00f3n no debe ser olvidada!<\/p>\n<p>&nbsp;<\/p>\n<p><iframe loading=\"lazy\" src=\"\/\/www.youtube.com\/embed\/OHoePvSkC14?rel=0\" width=\"560\" height=\"315\" frameborder=\"0\" allowfullscreen=\"allowfullscreen\"><\/iframe><\/p>\n<p>&nbsp;<\/p>\n<p>La historia<\/p>\n<p>En Noviembre de 2015 recib\u00ed un correo de la editorial \u201cCatalonia\u201d en Chile, ellos quer\u00edan comprarme una foto que tom\u00e9 en Septiembre de 1988 en Santiago, era una marcha por los derechos humanos y en ella se ve a Carmen Gloria Quintana, a\u00fan con sus manos vendadas portando una figura humana que tenia escrito, Rodrigo Rojas, me olvidaste? Si- No-. Esta imagen est\u00e1 hoy en la portada de la reedici\u00f3n del libro \u201eQuemados Vivos\u201c de la ya fallecida periodista Patricia Verdugo.<\/p>\n<p>Tuve la suerte de que la Editorial me pagara con libros y as\u00ed tuve la oportunidad de leer casi todos los libros de Patricia Verdugo y algunas obras de otros autores, ah\u00ed reci\u00e9n, a m\u00e1s de 40 a\u00f1os del golpe militar me inform\u00e9 en forma profunda de algunos de los horribles cr\u00edmenes de la dictadura. Luego hubo un acto en Abril de 2016 en el Ministerio del Exterior alem\u00e1n, ac\u00e1 en Berl\u00edn, donde el entonces Ministro Frank-Walter Steinmeier se disculp\u00f3 por los errores de la diplomacia alemana en relaci\u00f3n al trato dado al caso Colonia Dignidad.<br \/>\nAdem\u00e1s en Julio 2016 tuve la oportunidad de acompa\u00f1ar al Presidente alem\u00e1n Joachim Gauck en su visita oficial a Chile, ah\u00ed visitamos el Museo de la Memoria y con la Primera Dama alemana, Sra. Daniela Schadt visitamos Villa Grimaldi.<br \/>\nCon todas esas impresiones me sent\u00ed motivado a realizar un nuevo proyecto y con la autorizaci\u00f3n de editorial \u201cCatalonia\u201d le di el mismo nombre que lleva uno de los libros de Patricia Verdugo \u201cDe la tortura no se habla\u201d. El sentido de este trabajo es ayudar a la conservaci\u00f3n de nuestra memoria hist\u00f3rica con mi oficio, la fotograf\u00eda.<br \/>\nEn Chile demoramos 30 a\u00f1os en hablar p\u00fablicamente sobre la tortura, reci\u00e9n a 40 a\u00f1os del golpe se presentan las primeras querellas por torturas a los tribunales de justicia.<\/p>\n<p>Jos\u00e9 Girib\u00e1s Marambio<br \/>\nFot\u00f3grafo<\/p>\n","protected":false},"excerpt":{"rendered":"<p>\u201eDe la tortura no se habla\u201c &nbsp; Los hechos Durante la dictadura de Pinochet, seg\u00fan informes oficiales, unos 3.200 chilenos murieron a manos de agentes del Estado, de los que 1.192 figuran a\u00fan como detenidos desaparecidos, y unos 40.000 fueron torturados y encarcelados por causas pol\u00edticas. En Chile hubieron cerca de 1200 centros de arresto&hellip;<\/p>\n","protected":false},"author":1,"featured_media":0,"parent":0,"menu_order":0,"comment_status":"closed","ping_status":"closed","template":"","meta":{"footnotes":""},"class_list":["post-16","page","type-page","status-publish","hentry","no-post-thumbnail","post-grid-2-col","entry"],"translation":{"provider":"WPGlobus","version":"3.0.2","language":"es","enabled_languages":["de","es","en"],"languages":{"de":{"title":true,"content":true,"excerpt":false},"es":{"title":true,"content":true,"excerpt":false},"en":{"title":true,"content":true,"excerpt":false}}},"_links":{"self":[{"href":"http:\/\/memoriactiva.info\/es\/wp-json\/wp\/v2\/pages\/16","targetHints":{"allow":["GET"]}}],"collection":[{"href":"http:\/\/memoriactiva.info\/es\/wp-json\/wp\/v2\/pages"}],"about":[{"href":"http:\/\/memoriactiva.info\/es\/wp-json\/wp\/v2\/types\/page"}],"author":[{"embeddable":true,"href":"http:\/\/memoriactiva.info\/es\/wp-json\/wp\/v2\/users\/1"}],"replies":[{"embeddable":true,"href":"http:\/\/memoriactiva.info\/es\/wp-json\/wp\/v2\/comments?post=16"}],"version-history":[{"count":19,"href":"http:\/\/memoriactiva.info\/es\/wp-json\/wp\/v2\/pages\/16\/revisions"}],"predecessor-version":[{"id":332,"href":"http:\/\/memoriactiva.info\/es\/wp-json\/wp\/v2\/pages\/16\/revisions\/332"}],"wp:attachment":[{"href":"http:\/\/memoriactiva.info\/es\/wp-json\/wp\/v2\/media?parent=16"}],"curies":[{"name":"wp","href":"https:\/\/api.w.org\/{rel}","templated":true}]}}