{"id":120,"date":"2018-07-04T12:54:55","date_gmt":"2018-07-04T12:54:55","guid":{"rendered":"http:\/\/memoriactiva.info\/?page_id=120"},"modified":"2019-02-09T17:31:28","modified_gmt":"2019-02-09T17:31:28","slug":"ausstellungen","status":"publish","type":"page","link":"http:\/\/memoriactiva.info\/es\/ausstellungen\/","title":{"rendered":"Exposiciones"},"content":{"rendered":"<p><img loading=\"lazy\" decoding=\"async\" class=\"alignnone wp-image-125 size-full\" src=\"http:\/\/memoriactiva.info\/wp-content\/uploads\/2018\/07\/Screenshot-2018-07-04-12.06.40.png\" alt=\"\" width=\"741\" height=\"1044\" srcset=\"http:\/\/memoriactiva.info\/wp-content\/uploads\/2018\/07\/Screenshot-2018-07-04-12.06.40.png 741w, http:\/\/memoriactiva.info\/wp-content\/uploads\/2018\/07\/Screenshot-2018-07-04-12.06.40-213x300.png 213w, http:\/\/memoriactiva.info\/wp-content\/uploads\/2018\/07\/Screenshot-2018-07-04-12.06.40-727x1024.png 727w\" sizes=\"auto, (max-width: 741px) 100vw, 741px\" \/><br \/>\n<span style=\"font-size: 10pt;\"><span style=\"font-size: 12pt;\">Samuel Houston Dreckmann, en la Ex-Cl\u00ednica Santa Luc\u00eda el 19.10.2016 en Santiago.<\/span><br \/>\nFoto: \u00a9 Jos\u00e9 Girib\u00e1s<br \/>\nDise\u00f1o de p\u00f3steres<\/span><span style=\"font-size: 10pt;\">:\u00a0\u00a9 Mehrdad Mobasseri<\/span><\/p>\n<hr \/>\n<p><a href=\"http:\/\/memoriactiva.info\/es\/lugares-orte-places-sobrevivientes-ueberlebende-survivors\/\">-><strong>Muestra virtual <\/strong>(actual)<\/a><\/p>\n<hr \/>\n<p><strong>09.09. &#8211; 21.10.2018<\/strong><\/p>\n<div>\u00abKunstr\u00e4ume der Michael Horbach Stiftung\u00bb<a href=\"https:\/\/www.photoszene.de\" target=\"_blank\" rel=\"noopener\"><img loading=\"lazy\" decoding=\"async\" class=\"alignright wp-image-337 size-thumbnail\" src=\"http:\/\/memoriactiva.info\/wp-content\/uploads\/2018\/08\/PS18_LOGO-150x150.jpg\" alt=\"\" width=\"150\" height=\"150\" srcset=\"http:\/\/memoriactiva.info\/wp-content\/uploads\/2018\/08\/PS18_LOGO-150x150.jpg 150w, http:\/\/memoriactiva.info\/wp-content\/uploads\/2018\/08\/PS18_LOGO-300x300.jpg 300w, http:\/\/memoriactiva.info\/wp-content\/uploads\/2018\/08\/PS18_LOGO-768x768.jpg 768w, http:\/\/memoriactiva.info\/wp-content\/uploads\/2018\/08\/PS18_LOGO-1024x1024.jpg 1024w, http:\/\/memoriactiva.info\/wp-content\/uploads\/2018\/08\/PS18_LOGO.jpg 1181w\" sizes=\"auto, (max-width: 150px) 100vw, 150px\" \/><\/a><a href=\"http:\/\/www.michael-horbach-stiftung.de\" target=\"_blank\" rel=\"noopener\"><img loading=\"lazy\" decoding=\"async\" class=\"size-medium wp-image-173 alignright\" src=\"http:\/\/memoriactiva.info\/wp-content\/uploads\/2018\/07\/2015_LOGO_NEU-300x120.jpg\" alt=\"\" width=\"150\" height=\"60\" srcset=\"http:\/\/memoriactiva.info\/wp-content\/uploads\/2018\/07\/2015_LOGO_NEU-300x120.jpg 300w, http:\/\/memoriactiva.info\/wp-content\/uploads\/2018\/07\/2015_LOGO_NEU.jpg 472w\" sizes=\"auto, (max-width: 150px) 100vw, 150px\" \/><br \/>\nWormser Stra\u00dfe 23<br \/>\n50677 K\u00f6ln<\/a><\/div>\n<div><\/div>\n<div><span style=\"font-size: 12pt;\">Apertura: 09.09.2018 de 11:00 a 14:00 horas.<\/span><\/div>\n<div>\n<hr \/>\n<\/div>\n<div><\/div>\n<div><\/div>\n<p><strong>11.09. &#8211; 25.09.2018<\/strong><\/p>\n<div>\u00abHaus der Bundespressekonferenz\u00bb<a href=\"http:\/\/www.pixelgrain.com\" target=\"_blank\" rel=\"noopener\"><img loading=\"lazy\" decoding=\"async\" class=\"alignright wp-image-336\" src=\"http:\/\/memoriactiva.info\/wp-content\/uploads\/2018\/08\/Marke_1703.jpg\" alt=\"\" width=\"213\" height=\"38\" srcset=\"http:\/\/memoriactiva.info\/wp-content\/uploads\/2018\/08\/Marke_1703.jpg 827w, http:\/\/memoriactiva.info\/wp-content\/uploads\/2018\/08\/Marke_1703-300x54.jpg 300w, http:\/\/memoriactiva.info\/wp-content\/uploads\/2018\/08\/Marke_1703-768x137.jpg 768w\" sizes=\"auto, (max-width: 213px) 100vw, 213px\" \/><\/a><br \/>\nSchiffbauerdamm 40<br \/>\n10117 Berlin<\/div>\n<div><\/div>\n<p><span style=\"font-size: 12pt;\">Apertura: 11.09.2018, 17:00 horas<\/span><\/p>\n<hr \/>\n<p><strong>30.09. &#8211; 21.10.2018<\/strong><\/p>\n<div>En el marco del EMOP Berl\u00edn<br \/>\n<a href=\"https:\/\/www.emop-berlin.eu\/en\/\" target=\"_blank\" rel=\"noopener\"><img loading=\"lazy\" decoding=\"async\" class=\"alignright wp-image-256 size-thumbnail\" src=\"http:\/\/memoriactiva.info\/wp-content\/uploads\/2018\/08\/EMOP18_Logo_quadrat_RGB_final_black-150x150.png\" alt=\"\" width=\"150\" height=\"150\" \/><\/a><a href=\"http:\/\/www.tapir-berlin.de\" target=\"_blank\" rel=\"noopener\"><img loading=\"lazy\" decoding=\"async\" class=\"alignright wp-image-249 size-medium\" src=\"http:\/\/memoriactiva.info\/wp-content\/uploads\/2018\/08\/tapir-logo-neu-205x300.jpg\" alt=\"\" width=\"110\" height=\"150\" \/><\/a>en la Galer\u00eda Tapir<br \/>\nNeue Hochstra\u00dfe 8<br \/>\n13347 Berlin<\/div>\n<div><\/div>\n<p><span style=\"font-size: 12pt;\">Apertura: 30.09.2018, 17:00 horas<\/span><br \/>\n<span style=\"font-size: 12pt;\">Visita guiada por el autor (Espa\u00f1ol) : 17.10.2018\u00a0 19:00 horas<\/span><br \/>\n<span style=\"font-size: 12pt;\">Cierre: 21.10.2018, 17:00 horas<\/span><\/p>\n<p>&nbsp;<\/p>\n","protected":false},"excerpt":{"rendered":"<p>Samuel Houston Dreckmann, en la Ex-Cl\u00ednica Santa Luc\u00eda el 19.10.2016 en Santiago. Foto: \u00a9 Jos\u00e9 Girib\u00e1s Dise\u00f1o de p\u00f3steres:\u00a0\u00a9 Mehrdad Mobasseri ->Muestra virtual (actual) 09.09. &#8211; 21.10.2018 \u00abKunstr\u00e4ume der Michael Horbach Stiftung\u00bb Wormser Stra\u00dfe 23 50677 K\u00f6ln Apertura: 09.09.2018 de 11:00 a 14:00 horas. 11.09. &#8211; 25.09.2018 \u00abHaus der Bundespressekonferenz\u00bb Schiffbauerdamm 40 10117 Berlin Apertura:&hellip;<\/p>\n","protected":false},"author":1,"featured_media":0,"parent":0,"menu_order":0,"comment_status":"closed","ping_status":"closed","template":"","meta":{"footnotes":""},"class_list":["post-120","page","type-page","status-publish","hentry","no-post-thumbnail","post-grid-2-col","entry"],"translation":{"provider":"WPGlobus","version":"3.0.2","language":"es","enabled_languages":["de","es","en"],"languages":{"de":{"title":true,"content":true,"excerpt":false},"es":{"title":true,"content":true,"excerpt":false},"en":{"title":true,"content":true,"excerpt":false}}},"_links":{"self":[{"href":"http:\/\/memoriactiva.info\/es\/wp-json\/wp\/v2\/pages\/120","targetHints":{"allow":["GET"]}}],"collection":[{"href":"http:\/\/memoriactiva.info\/es\/wp-json\/wp\/v2\/pages"}],"about":[{"href":"http:\/\/memoriactiva.info\/es\/wp-json\/wp\/v2\/types\/page"}],"author":[{"embeddable":true,"href":"http:\/\/memoriactiva.info\/es\/wp-json\/wp\/v2\/users\/1"}],"replies":[{"embeddable":true,"href":"http:\/\/memoriactiva.info\/es\/wp-json\/wp\/v2\/comments?post=120"}],"version-history":[{"count":63,"href":"http:\/\/memoriactiva.info\/es\/wp-json\/wp\/v2\/pages\/120\/revisions"}],"predecessor-version":[{"id":618,"href":"http:\/\/memoriactiva.info\/es\/wp-json\/wp\/v2\/pages\/120\/revisions\/618"}],"wp:attachment":[{"href":"http:\/\/memoriactiva.info\/es\/wp-json\/wp\/v2\/media?parent=120"}],"curies":[{"name":"wp","href":"https:\/\/api.w.org\/{rel}","templated":true}]}}